{"id":7,"date":"2022-01-20T00:18:09","date_gmt":"2022-01-19T21:18:09","guid":{"rendered":"https:\/\/www.asliakbas.av.tr\/wordpress\/?page_id=7"},"modified":"2024-07-08T02:32:56","modified_gmt":"2024-07-07T23:32:56","slug":"giris","status":"publish","type":"page","link":"https:\/\/www.asliakbas.av.tr\/wordpress\/","title":{"rendered":"anasayfa"},"content":{"rendered":"\n<pre class=\"wp-block-verse has-text-align-center\"><strong>BU S\u0130TE YAPIM A\u015eAMASINDADIR<\/strong><\/pre>\n\n\n\n<div class=\"wp-block-columns alignwide is-layout-flex wp-container-core-columns-is-layout-9d6595d7 wp-block-columns-is-layout-flex\">\n<div class=\"wp-block-column is-layout-flow wp-block-column-is-layout-flow\" style=\"flex-basis:50%\">\n<figure class=\"wp-block-image aligncenter is-resized is-style-rounded\"><img loading=\"lazy\" decoding=\"async\" width=\"250\" height=\"315\" src=\"https:\/\/www.asliakbas.av.tr\/wordpress\/wp-content\/uploads\/2022\/01\/Asli-Akbas-BNI.jpg\" alt=\"\" class=\"wp-image-10\" style=\"width: 250px;\" srcset=\"https:\/\/www.asliakbas.av.tr\/wordpress\/wp-content\/uploads\/2022\/01\/Asli-Akbas-BNI.jpg 724w, https:\/\/www.asliakbas.av.tr\/wordpress\/wp-content\/uploads\/2022\/01\/Asli-Akbas-BNI-238x300.jpg 238w\" sizes=\"auto, (max-width: 250px) 100vw, 250px\" \/><\/figure>\n<\/div>\n\n\n\n<div class=\"wp-block-column is-layout-flow wp-block-column-is-layout-flow\"><\/div>\n\n\n\n<div class=\"wp-block-column is-layout-flow wp-block-column-is-layout-flow\" style=\"flex-basis:50%\">\n<p class=\"has-text-align-center has-large-font-size\">Avukat Arabulucu Asl\u0131 Akba\u015f<\/p>\n\n\n\n<p class=\"has-text-align-center\"><a href=\"mailto:info@asliakbas.av.tr\">info@asliakbas.av.tr<\/a><\/p>\n\n\n\n<figure class=\"wp-block-image aligncenter size-full is-resized is-style-default\"><a href=\"http:\/instagram.com\/av.arb.asliakbas\/\"><img loading=\"lazy\" decoding=\"async\" width=\"300\" height=\"300\" src=\"https:\/\/www.asliakbas.av.tr\/wordpress\/wp-content\/uploads\/2022\/01\/instagram-300x300-1.png\" alt=\"\" class=\"wp-image-31\" style=\"width: 75px; height: 75px;\" srcset=\"https:\/\/www.asliakbas.av.tr\/wordpress\/wp-content\/uploads\/2022\/01\/instagram-300x300-1.png 300w, https:\/\/www.asliakbas.av.tr\/wordpress\/wp-content\/uploads\/2022\/01\/instagram-300x300-1-150x150.png 150w\" sizes=\"auto, (max-width: 300px) 100vw, 300px\" \/><\/a><\/figure>\n\n\n<div class=\"wp-block-image is-style-default\">\n<figure class=\"aligncenter size-full is-resized\"><a href=\"https:\/\/www.linkedin.com\/in\/asli-akbas-20254a6\"><img loading=\"lazy\" decoding=\"async\" width=\"512\" height=\"512\" src=\"https:\/\/www.asliakbas.av.tr\/wordpress\/wp-content\/uploads\/2022\/01\/linkedin-logo-512x512-1.png\" alt=\"\" class=\"wp-image-46\" style=\"width:95px\" srcset=\"https:\/\/www.asliakbas.av.tr\/wordpress\/wp-content\/uploads\/2022\/01\/linkedin-logo-512x512-1.png 512w, https:\/\/www.asliakbas.av.tr\/wordpress\/wp-content\/uploads\/2022\/01\/linkedin-logo-512x512-1-300x300.png 300w, https:\/\/www.asliakbas.av.tr\/wordpress\/wp-content\/uploads\/2022\/01\/linkedin-logo-512x512-1-150x150.png 150w\" sizes=\"auto, (max-width: 512px) 100vw, 512px\" \/><\/a><\/figure>\n<\/div>\n\n\n<p><\/p>\n<\/div>\n<\/div>\n\n\n\n<p><\/p>\n","protected":false},"excerpt":{"rendered":"<p>BU S\u0130TE YAPIM A\u015eAMASINDADIR Avukat Arabulucu Asl\u0131 Akba\u015f info@asliakbas.av.tr<\/p>\n","protected":false},"author":1,"featured_media":0,"parent":0,"menu_order":0,"comment_status":"closed","ping_status":"closed","template":"","meta":{"footnotes":""},"class_list":["post-7","page","type-page","status-publish","hentry","entry"],"_links":{"self":[{"href":"https:\/\/www.asliakbas.av.tr\/wordpress\/wp-json\/wp\/v2\/pages\/7","targetHints":{"allow":["GET"]}}],"collection":[{"href":"https:\/\/www.asliakbas.av.tr\/wordpress\/wp-json\/wp\/v2\/pages"}],"about":[{"href":"https:\/\/www.asliakbas.av.tr\/wordpress\/wp-json\/wp\/v2\/types\/page"}],"author":[{"embeddable":true,"href":"https:\/\/www.asliakbas.av.tr\/wordpress\/wp-json\/wp\/v2\/users\/1"}],"replies":[{"embeddable":true,"href":"https:\/\/www.asliakbas.av.tr\/wordpress\/wp-json\/wp\/v2\/comments?post=7"}],"version-history":[{"count":19,"href":"https:\/\/www.asliakbas.av.tr\/wordpress\/wp-json\/wp\/v2\/pages\/7\/revisions"}],"predecessor-version":[{"id":65,"href":"https:\/\/www.asliakbas.av.tr\/wordpress\/wp-json\/wp\/v2\/pages\/7\/revisions\/65"}],"wp:attachment":[{"href":"https:\/\/www.asliakbas.av.tr\/wordpress\/wp-json\/wp\/v2\/media?parent=7"}],"curies":[{"name":"wp","href":"https:\/\/api.w.org\/{rel}","templated":true}]}}